{"id":14,"date":"2024-01-13T20:15:21","date_gmt":"2024-01-13T20:15:21","guid":{"rendered":"https:\/\/jesuspresencialuminosa.com\/?page_id=14"},"modified":"2024-01-15T20:56:31","modified_gmt":"2024-01-15T20:56:31","slug":"inicio","status":"publish","type":"page","link":"https:\/\/jesuspresencialuminosa.com\/","title":{"rendered":"Inicio"},"content":{"rendered":"\n<div class=\"wp-block-cover alignfull is-light\" style=\"min-height:720px;aspect-ratio:unset;\"><span aria-hidden=\"true\" class=\"wp-block-cover__background has-background-dim-100 has-background-dim has-background-gradient\" style=\"background:linear-gradient(35deg,rgb(6,0,151) 0%,rgb(130,4,255) 73%,rgb(193,15,255) 100%)\"><\/span><div class=\"wp-block-cover__inner-container is-layout-flow wp-block-cover-is-layout-flow\">\n<div class=\"inherit-container-width wp-block-group alignwide is-layout-constrained wp-block-group-is-layout-constrained\">\n<div class=\"wp-block-media-text alignwide has-media-on-the-right is-stacked-on-mobile is-vertically-aligned-center\" style=\"grid-template-columns:auto 43%\"><div class=\"wp-block-media-text__content\">\n<h1 class=\"wp-block-heading has-text-align-left has-white-color has-text-color\">Presencia Luminosa de Jes\u00fas!<\/h1>\n\n\n\n<p><strong>Yo soy la luz del mundo; el que me sigue, no andar\u00e1 en tinieblas, sino que tendr\u00e1 la luz de la vida<\/strong>.<\/p>\n\n\n\n<div class=\"wp-block-buttons is-layout-flex wp-block-buttons-is-layout-flex\">\n<div class=\"wp-block-button\"><a class=\"wp-block-button__link wp-element-button\" href=\"#\">Visualizaci\u00f3n<\/a><\/div>\n<\/div>\n<\/div><figure class=\"wp-block-media-text__media\"><img loading=\"lazy\" decoding=\"async\" width=\"600\" height=\"413\" src=\"http:\/\/jesuspresencialuminosa.com\/wp-content\/uploads\/2024\/01\/divine-mercy.jpg\" alt=\"\" class=\"wp-image-21 size-full\" srcset=\"https:\/\/jesuspresencialuminosa.com\/wp-content\/uploads\/2024\/01\/divine-mercy.jpg 600w, https:\/\/jesuspresencialuminosa.com\/wp-content\/uploads\/2024\/01\/divine-mercy-300x207.jpg 300w\" sizes=\"auto, (max-width: 600px) 100vw, 600px\" \/><\/figure><\/div>\n<\/div>\n<\/div><\/div>\n\n\n\n<div class=\"wp-block-group alignfull has-ast-global-color-5-background-color has-background is-layout-constrained wp-container-core-group-is-layout-9cedb757 wp-block-group-is-layout-constrained\" style=\"padding-bottom:0px\">\n<div class=\"wp-block-columns are-vertically-aligned-top is-layout-flex wp-container-core-columns-is-layout-00723822 wp-block-columns-is-layout-flex\">\n<div class=\"wp-block-column is-vertically-aligned-top is-layout-flow wp-container-core-column-is-layout-6b73ce23 wp-block-column-is-layout-flow\">\n<figure class=\"wp-block-image size-full\"><img loading=\"lazy\" decoding=\"async\" width=\"48\" height=\"48\" src=\"https:\/\/jesuspresencialuminosa.com\/wp-content\/uploads\/2024\/01\/portfolio.jpg\" alt=\"\" class=\"wp-image-30\"\/><\/figure>\n\n\n\n<h3 class=\"wp-block-heading has-text-align-left\" style=\"margin-top:16px\">Visualizaci\u00f3n<\/h3>\n\n\n\n<p class=\"has-text-align-left\">Jes\u00fas, Presencia Luminosa.<\/p>\n<\/div>\n\n\n\n<div class=\"wp-block-column is-vertically-aligned-top is-layout-flow wp-container-core-column-is-layout-6b73ce23 wp-block-column-is-layout-flow\">\n<figure class=\"wp-block-image size-full\"><img loading=\"lazy\" decoding=\"async\" width=\"48\" height=\"48\" src=\"https:\/\/jesuspresencialuminosa.com\/wp-content\/uploads\/2024\/01\/blog.svg_.jpg\" alt=\"\" class=\"wp-image-31\"\/><\/figure>\n\n\n\n<h3 class=\"wp-block-heading has-text-align-left\" style=\"margin-top:16px\">Blogging<\/h3>\n\n\n\n<p class=\"has-text-align-left\">Jes\u00fas, Presencia Luminosa.<\/p>\n<\/div>\n\n\n\n<div class=\"wp-block-column is-vertically-aligned-top is-layout-flow wp-container-core-column-is-layout-6b73ce23 wp-block-column-is-layout-flow\">\n<figure class=\"wp-block-image size-full\"><img loading=\"lazy\" decoding=\"async\" width=\"48\" height=\"48\" src=\"https:\/\/jesuspresencialuminosa.com\/wp-content\/uploads\/2024\/01\/building.jpg\" alt=\"\" class=\"wp-image-32\"\/><\/figure>\n\n\n\n<h3 class=\"wp-block-heading has-text-align-left\" style=\"margin-top:16px\">Recursos<\/h3>\n\n\n\n<p class=\"has-text-align-left\">Jes\u00fas, Presencia Luminosa.<\/p>\n<\/div>\n<\/div>\n<\/div>\n\n\n\n<div class=\"wp-block-group alignfull is-layout-constrained wp-container-core-group-is-layout-45b0ac4f wp-block-group-is-layout-constrained\" id=\"services\" style=\"padding-top:144px;padding-bottom:0px\">\n<h2 class=\"wp-block-heading\">Recomendados<\/h2>\n\n\n\n<div class=\"wp-block-columns is-layout-flex wp-container-core-columns-is-layout-60cbf9bb wp-block-columns-is-layout-flex\" style=\"margin-top:50px\">\n<div class=\"wp-block-column is-layout-flow wp-container-core-column-is-layout-6b73ce23 wp-block-column-is-layout-flow\">\n<figure class=\"wp-block-image size-full is-resized\"><img loading=\"lazy\" decoding=\"async\" width=\"1280\" height=\"768\" src=\"http:\/\/jesuspresencialuminosa.com\/wp-content\/uploads\/2024\/01\/music-player-2951399_1280.jpg\" alt=\"\" class=\"wp-image-53\" style=\"width:483px;height:auto\" srcset=\"https:\/\/jesuspresencialuminosa.com\/wp-content\/uploads\/2024\/01\/music-player-2951399_1280.jpg 1280w, https:\/\/jesuspresencialuminosa.com\/wp-content\/uploads\/2024\/01\/music-player-2951399_1280-300x180.jpg 300w, https:\/\/jesuspresencialuminosa.com\/wp-content\/uploads\/2024\/01\/music-player-2951399_1280-1024x614.jpg 1024w, https:\/\/jesuspresencialuminosa.com\/wp-content\/uploads\/2024\/01\/music-player-2951399_1280-768x461.jpg 768w\" sizes=\"auto, (max-width: 1280px) 100vw, 1280px\" \/><figcaption class=\"wp-element-caption\">Image by <a href=\"https:\/\/pixabay.com\/users\/rahu-4725201\/?utm_source=link-attribution&amp;utm_medium=referral&amp;utm_campaign=image&amp;utm_content=2951399\">Rahul Yadav<\/a> from <a href=\"https:\/\/pixabay.com\/\/?utm_source=link-attribution&amp;utm_medium=referral&amp;utm_campaign=image&amp;utm_content=2951399\">Pixabay<\/a><\/figcaption><\/figure>\n\n\n\n<h3 class=\"wp-block-heading\" style=\"margin-top:16px\">M\u00fasica para Contemplaci\u00f3n<\/h3>\n\n\n\n<p>Jes\u00fas, Presencia Luminosa.<\/p>\n<\/div>\n\n\n\n<div class=\"wp-block-column is-layout-flow wp-container-core-column-is-layout-6b73ce23 wp-block-column-is-layout-flow\">\n<figure class=\"wp-block-image size-full is-resized\"><img loading=\"lazy\" decoding=\"async\" width=\"1024\" height=\"616\" src=\"http:\/\/jesuspresencialuminosa.com\/wp-content\/uploads\/2024\/01\/istockphoto-467005749-1024x1024-2-e1705176140531.jpg\" alt=\"\" class=\"wp-image-58\" style=\"width:483px;height:auto\" srcset=\"https:\/\/jesuspresencialuminosa.com\/wp-content\/uploads\/2024\/01\/istockphoto-467005749-1024x1024-2-e1705176140531.jpg 1024w, https:\/\/jesuspresencialuminosa.com\/wp-content\/uploads\/2024\/01\/istockphoto-467005749-1024x1024-2-e1705176140531-300x180.jpg 300w, https:\/\/jesuspresencialuminosa.com\/wp-content\/uploads\/2024\/01\/istockphoto-467005749-1024x1024-2-e1705176140531-768x462.jpg 768w\" sizes=\"auto, (max-width: 1024px) 100vw, 1024px\" \/><figcaption class=\"wp-element-caption\">Cr\u00e9dito: <a href=\"https:\/\/www.istockphoto.com\/es\/portfolio\/Ig0rZh?mediatype=photography\">Ig0rZh<\/a> de <a href=\"https:\/\/www.istockphoto.com\/es\/foto\/jesus-christ-en-el-para%C3%ADso-gm467005749-33829324?phrase=jesus+christ+luminous&amp;searchscope=image%2Cfilm\" title=\"\">iStock<\/a><\/figcaption><\/figure>\n\n\n\n<p><\/p>\n\n\n\n<h3 class=\"wp-block-heading\" style=\"margin-top:16px\">Imagenes para Visualizaci\u00f3n<\/h3>\n\n\n\n<p>Jes\u00fas, Presencia Luminosa.<\/p>\n<\/div>\n<\/div>\n<\/div>\n\n\n\n<div class=\"wp-block-group alignfull has-ast-global-color-5-background-color has-background is-layout-constrained wp-container-core-group-is-layout-94d206d0 wp-block-group-is-layout-constrained\" id=\"about\" style=\"padding-top:143px;padding-bottom:144px\">\n<div class=\"wp-block-media-text has-media-on-the-right is-stacked-on-mobile is-vertically-aligned-center\"><div class=\"wp-block-media-text__content\">\n<div class=\"inherit-container-width wp-block-group is-layout-constrained wp-container-core-group-is-layout-47ce07ec wp-block-group-is-layout-constrained\" style=\"padding-right:80px\">\n<h2 class=\"wp-block-heading\" style=\"padding-right:40px\">Jes\u00fas ven!<\/h2>\n\n\n\n<p>Con todo mi amor, hago un Llamado a Jes\u00fas por su Presencia Luminosa, para que nos envuelva y nos llene de su Luz, para que absorbamos su Luz en nuestro ser y en nuestras vidas, y lo veamos en cada persona que contactemos y en cada cosa que hagamos.<\/p>\n\n\n\n<p>Que todos y todo absorbamos su Luz, nos llenemos de \u00c9l por completo y que permanezca con nosotros siempre. Que nuestro amor a \u00c9l sea el im\u00e1n que lo traiga m\u00e1s r\u00e1pido devuelta con nosotros, de igual forma como Ascendi\u00f3 a los cielos, lo cual es el cumplimiento de la promesa de su&nbsp;Segunda&nbsp;venida.<\/p>\n<\/div>\n<\/div><figure class=\"wp-block-media-text__media\"><img loading=\"lazy\" decoding=\"async\" width=\"600\" height=\"413\" src=\"http:\/\/jesuspresencialuminosa.com\/wp-content\/uploads\/2024\/01\/divine-mercy.jpg\" alt=\"\" class=\"wp-image-21 size-full\" srcset=\"https:\/\/jesuspresencialuminosa.com\/wp-content\/uploads\/2024\/01\/divine-mercy.jpg 600w, https:\/\/jesuspresencialuminosa.com\/wp-content\/uploads\/2024\/01\/divine-mercy-300x207.jpg 300w\" sizes=\"auto, (max-width: 600px) 100vw, 600px\" \/><\/figure><\/div>\n<\/div>\n\n\n\n<div class=\"wp-block-group alignfull has-ast-global-color-4-background-color has-background is-layout-constrained wp-container-core-group-is-layout-6a2cfb7b wp-block-group-is-layout-constrained\" id=\"reviews\">\n<figure class=\"wp-block-image aligncenter size-full is-resized\"><img loading=\"lazy\" decoding=\"async\" width=\"675\" height=\"675\" src=\"https:\/\/jesuspresencialuminosa.com\/wp-content\/uploads\/2024\/01\/1705171863399-1.jpg\" alt=\"\" class=\"wp-image-41\" style=\"width:89px;height:auto\" srcset=\"https:\/\/jesuspresencialuminosa.com\/wp-content\/uploads\/2024\/01\/1705171863399-1.jpg 675w, https:\/\/jesuspresencialuminosa.com\/wp-content\/uploads\/2024\/01\/1705171863399-1-300x300.jpg 300w, https:\/\/jesuspresencialuminosa.com\/wp-content\/uploads\/2024\/01\/1705171863399-1-150x150.jpg 150w\" sizes=\"auto, (max-width: 675px) 100vw, 675px\" \/><\/figure>\n\n\n\n<p class=\"has-text-align-center\" style=\"font-size:22px;line-height:1.6\">\u201cLa Presencia Luminosa de Jes\u00fas es Amor, Salvaci\u00f3n, Sanaci\u00f3n, Paz, Misericordia, Libertad y contiene todas las bendiciones que deseamos tener en nuestras vidas. Habitemos en Su Presencia Luminosa, amemos la Luz, Jes\u00fas es Luz. Regocijemonos en Su Amor y encontremos en \u00c9l y a trav\u00e9s de \u00c9l la Libertad que tanto&nbsp;deseamos&nbsp;tener. Jes\u00fas puede y va a restaurarnos si tenemos&nbsp;fe.\u201d<\/p>\n\n\n\n<p class=\"has-text-align-center\"><strong>Diana Ortiz<\/strong><\/p>\n<\/div>\n\n\n\n<div class=\"wp-block-group alignfull is-layout-constrained wp-container-core-group-is-layout-3fee123f wp-block-group-is-layout-constrained\" id=\"whyus\" style=\"padding-top:144px;padding-bottom:144px\">\n<h2 class=\"wp-block-heading\">Confia en Jes\u00fas<\/h2>\n\n\n\n<div class=\"wp-block-columns is-layout-flex wp-container-core-columns-is-layout-29aadeec wp-block-columns-is-layout-flex\" style=\"margin-top:60px\">\n<div class=\"wp-block-column is-layout-flow wp-container-core-column-is-layout-6b73ce23 wp-block-column-is-layout-flow\">\n<figure class=\"wp-block-image size-large\"><img decoding=\"async\" src=\"https:\/\/jesuspresencialuminosa.com\/wp-content\/themes\/astra\/inc\/assets\/images\/starter-content\/passionate.svg\" alt=\"\" class=\"wp-image-162\"\/><\/figure>\n\n\n\n<h3 class=\"wp-block-heading\" style=\"margin-top:16px\">Amor Divino<\/h3>\n\n\n\n<p>Jes\u00fas, Presencia Luminosa.<\/p>\n<\/div>\n\n\n\n<div class=\"wp-block-column is-layout-flow wp-container-core-column-is-layout-6b73ce23 wp-block-column-is-layout-flow\">\n<figure class=\"wp-block-image size-large\"><img decoding=\"async\" src=\"https:\/\/jesuspresencialuminosa.com\/wp-content\/themes\/astra\/inc\/assets\/images\/starter-content\/professional.svg\" alt=\"\" class=\"wp-image-163\"\/><\/figure>\n\n\n\n<h3 class=\"wp-block-heading\" style=\"margin-top:16px\">Fe<\/h3>\n\n\n\n<p>Jes\u00fas, Presencia Luminosa.<\/p>\n<\/div>\n\n\n\n<div class=\"wp-block-column is-layout-flow wp-container-core-column-is-layout-6b73ce23 wp-block-column-is-layout-flow\">\n<figure class=\"wp-block-image size-large\"><img decoding=\"async\" src=\"https:\/\/jesuspresencialuminosa.com\/wp-content\/themes\/astra\/inc\/assets\/images\/starter-content\/support.svg\" alt=\"\" class=\"wp-image-164\"\/><\/figure>\n\n\n\n<h3 class=\"wp-block-heading\" style=\"margin-top:16px\">Apoyo<\/h3>\n\n\n\n<p>Jes\u00fas, Presencia Luminosa.<\/p>\n<\/div>\n<\/div>\n<\/div>\n\n\n\n<div class=\"wp-block-group alignfull has-background is-layout-constrained wp-container-core-group-is-layout-cfcca693 wp-block-group-is-layout-constrained\" id=\"contact\" style=\"background:linear-gradient(35deg,rgb(6,0,151) 0%,rgb(130,4,255) 64%,rgb(193,15,255) 98%);padding-top:104px;padding-bottom:104px\">\n<h2 class=\"wp-block-heading has-text-align-center has-text-color\" style=\"color:#ffffff\">Presencia Luminosa de Jes\u00fas!<\/h2>\n\n\n\n<div class=\"wp-block-buttons alignwide is-horizontal is-content-justification-center is-layout-flex wp-container-core-buttons-is-layout-bba8380a wp-block-buttons-is-layout-flex\" style=\"margin-top:50px\">\n<div class=\"wp-block-button\"><a class=\"wp-block-button__link wp-element-button\">Visualizaci\u00f3n<\/a><\/div>\n<\/div>\n<\/div>\n","protected":false},"excerpt":{"rendered":"<p>Visualizaci\u00f3n Jes\u00fas, Presencia Luminosa. Blogging Jes\u00fas, Presencia Luminosa. Recursos Jes\u00fas, Presencia Luminosa. Recomendados M\u00fasica para Contemplaci\u00f3n Jes\u00fas, Presencia Luminosa. Imagenes [&hellip;]<\/p>\n","protected":false},"author":1,"featured_media":0,"parent":0,"menu_order":0,"comment_status":"closed","ping_status":"closed","template":"","meta":{"om_disable_all_campaigns":false,"_monsterinsights_skip_tracking":false,"_monsterinsights_sitenote_active":false,"_monsterinsights_sitenote_note":"","_monsterinsights_sitenote_category":0,"site-sidebar-layout":"no-sidebar","site-content-layout":"plain-container","ast-site-content-layout":"default","site-content-style":"default","site-sidebar-style":"default","ast-global-header-display":"","ast-banner-title-visibility":"","ast-main-header-display":"","ast-hfb-above-header-display":"","ast-hfb-below-header-display":"","ast-hfb-mobile-header-display":"","site-post-title":"disabled","ast-breadcrumbs-content":"","ast-featured-img":"","footer-sml-layout":"","ast-disable-related-posts":"","theme-transparent-header-meta":"enabled","adv-header-id-meta":"","stick-header-meta":"","header-above-stick-meta":"","header-main-stick-meta":"","header-below-stick-meta":"","astra-migrate-meta-layouts":"default","ast-page-background-enabled":"default","ast-page-background-meta":{"desktop":{"background-color":"var(--ast-global-color-4)","background-image":"","background-repeat":"repeat","background-position":"center center","background-size":"auto","background-attachment":"scroll","background-type":"","background-media":"","overlay-type":"","overlay-color":"","overlay-opacity":"","overlay-gradient":""},"tablet":{"background-color":"","background-image":"","background-repeat":"repeat","background-position":"center center","background-size":"auto","background-attachment":"scroll","background-type":"","background-media":"","overlay-type":"","overlay-color":"","overlay-opacity":"","overlay-gradient":""},"mobile":{"background-color":"","background-image":"","background-repeat":"repeat","background-position":"center center","background-size":"auto","background-attachment":"scroll","background-type":"","background-media":"","overlay-type":"","overlay-color":"","overlay-opacity":"","overlay-gradient":""}},"ast-content-background-meta":{"desktop":{"background-color":"var(--ast-global-color-5)","background-image":"","background-repeat":"repeat","background-position":"center center","background-size":"auto","background-attachment":"scroll","background-type":"","background-media":"","overlay-type":"","overlay-color":"","overlay-opacity":"","overlay-gradient":""},"tablet":{"background-color":"var(--ast-global-color-5)","background-image":"","background-repeat":"repeat","background-position":"center center","background-size":"auto","background-attachment":"scroll","background-type":"","background-media":"","overlay-type":"","overlay-color":"","overlay-opacity":"","overlay-gradient":""},"mobile":{"background-color":"var(--ast-global-color-5)","background-image":"","background-repeat":"repeat","background-position":"center center","background-size":"auto","background-attachment":"scroll","background-type":"","background-media":"","overlay-type":"","overlay-color":"","overlay-opacity":"","overlay-gradient":""}},"footnotes":""},"class_list":["post-14","page","type-page","status-publish","hentry"],"aioseo_notices":[],"_links":{"self":[{"href":"https:\/\/jesuspresencialuminosa.com\/index.php\/wp-json\/wp\/v2\/pages\/14","targetHints":{"allow":["GET"]}}],"collection":[{"href":"https:\/\/jesuspresencialuminosa.com\/index.php\/wp-json\/wp\/v2\/pages"}],"about":[{"href":"https:\/\/jesuspresencialuminosa.com\/index.php\/wp-json\/wp\/v2\/types\/page"}],"author":[{"embeddable":true,"href":"https:\/\/jesuspresencialuminosa.com\/index.php\/wp-json\/wp\/v2\/users\/1"}],"replies":[{"embeddable":true,"href":"https:\/\/jesuspresencialuminosa.com\/index.php\/wp-json\/wp\/v2\/comments?post=14"}],"version-history":[{"count":12,"href":"https:\/\/jesuspresencialuminosa.com\/index.php\/wp-json\/wp\/v2\/pages\/14\/revisions"}],"predecessor-version":[{"id":77,"href":"https:\/\/jesuspresencialuminosa.com\/index.php\/wp-json\/wp\/v2\/pages\/14\/revisions\/77"}],"wp:attachment":[{"href":"https:\/\/jesuspresencialuminosa.com\/index.php\/wp-json\/wp\/v2\/media?parent=14"}],"curies":[{"name":"wp","href":"https:\/\/api.w.org\/{rel}","templated":true}]}}